{"id":146,"date":"2019-06-22T19:14:27","date_gmt":"2019-06-22T17:14:27","guid":{"rendered":"http:\/\/montreuilparadise.com\/?page_id=146"},"modified":"2023-04-28T17:08:53","modified_gmt":"2023-04-28T15:08:53","slug":"partenaires","status":"publish","type":"page","link":"https:\/\/montreuilparadise.com\/?page_id=146","title":{"rendered":"Partenaires"},"content":{"rendered":"\n<figure class=\"wp-block-image is-resized\"><img loading=\"lazy\" decoding=\"async\" src=\"http:\/\/montreuilparadise.com\/wp-content\/uploads\/2019\/06\/Est_Ensemble_Grand_Paris-1024x311.png\" alt=\"\" class=\"wp-image-147\" width=\"220\" height=\"67\" srcset=\"https:\/\/montreuilparadise.com\/wp-content\/uploads\/2019\/06\/Est_Ensemble_Grand_Paris-1024x311.png 1024w, https:\/\/montreuilparadise.com\/wp-content\/uploads\/2019\/06\/Est_Ensemble_Grand_Paris-300x91.png 300w, https:\/\/montreuilparadise.com\/wp-content\/uploads\/2019\/06\/Est_Ensemble_Grand_Paris-768x233.png 768w\" sizes=\"auto, (max-width: 220px) 100vw, 220px\" \/><\/figure>\n\n\n\n<p class=\"has-medium-font-size\"><a href=\"https:\/\/www.est-ensemble.fr\/\"><strong>L&rsquo;\u00c9tablissement public territorial Est Ensemble<\/strong><\/a> est une <a rel=\"noreferrer noopener\" aria-label=\" (s\u2019ouvre dans un nouvel onglet)\" href=\"https:\/\/fr.wikipedia.org\/wiki\/%C3%89tablissement_public_territorial\" target=\"_blank\">structure intercommunale<\/a><a href=\"https:\/\/fr.wikipedia.org\/wiki\/France\">fran\u00e7aise<\/a>, cr\u00e9\u00e9e le <abbr title=\"premier\">1<sup>er<\/sup><\/abbr> janvier 2016 dans le cadre de la mise en place de la <a rel=\"noreferrer noopener\" aria-label=\" (s\u2019ouvre dans un nouvel onglet)\" href=\"https:\/\/fr.wikipedia.org\/wiki\/M%C3%A9tropole_du_Grand_Paris\" target=\"_blank\">m\u00e9tropole du Grand Paris<\/a> et situ\u00e9e dans le <a rel=\"noreferrer noopener\" aria-label=\" (s\u2019ouvre dans un nouvel onglet)\" href=\"https:\/\/fr.wikipedia.org\/wiki\/D%C3%A9partement_fran%C3%A7ais\" target=\"_blank\">d\u00e9partement<\/a> de la <a rel=\"noreferrer noopener\" aria-label=\" (s\u2019ouvre dans un nouvel onglet)\" href=\"https:\/\/fr.wikipedia.org\/wiki\/Seine-Saint-Denis\" target=\"_blank\">Seine-Saint-Denis<\/a> en <a href=\"https:\/\/fr.wikipedia.org\/wiki\/R%C3%A9gion_fran%C3%A7aise\">r\u00e9gion<\/a><a rel=\"noreferrer noopener\" aria-label=\" (s\u2019ouvre dans un nouvel onglet)\" href=\"https:\/\/fr.wikipedia.org\/wiki\/%C3%8Ele-de-France\" target=\"_blank\">\u00cele-de-France<\/a>.  Elle regroupe les communes de Bagnolet, Bobigny, Bondy, Le  Pr\u00e9-Saint-Gervais, Les Lilas, Montreuil, Noisy-le-Sec, Pantin,  Romainville. Cette structure succ\u00e8de \u00e0 une <a rel=\"noreferrer noopener\" aria-label=\" (s\u2019ouvre dans un nouvel onglet)\" href=\"https:\/\/fr.wikipedia.org\/wiki\/Communaut%C3%A9_d%27agglom%C3%A9ration\" target=\"_blank\">communaut\u00e9 d&rsquo;agglom\u00e9ration<\/a> du m\u00eame nom cr\u00e9\u00e9e en 2010 et qui avait le m\u00eame territoire. Est Ensemble regroupe une population totale de 408&nbsp;000 habitants.  <\/p>\n\n\n\n<div style=\"height:100px\" aria-hidden=\"true\" class=\"wp-block-spacer\"><\/div>\n\n\n\n<div class=\"wp-block-image\"><figure class=\"alignleft size-full is-resized\"><img loading=\"lazy\" decoding=\"async\" src=\"http:\/\/montreuilparadise.com\/wp-content\/uploads\/2023\/04\/bandeau.png\" alt=\"\" class=\"wp-image-1583\" width=\"842\" height=\"155\" srcset=\"https:\/\/montreuilparadise.com\/wp-content\/uploads\/2023\/04\/bandeau.png 922w, https:\/\/montreuilparadise.com\/wp-content\/uploads\/2023\/04\/bandeau-300x55.png 300w, https:\/\/montreuilparadise.com\/wp-content\/uploads\/2023\/04\/bandeau-768x142.png 768w\" sizes=\"auto, (max-width: 842px) 100vw, 842px\" \/><\/figure><\/div>\n\n\n\n<p><\/p>\n\n\n\n<div style=\"height:20px\" aria-hidden=\"true\" class=\"wp-block-spacer\"><\/div>\n\n\n\n<p class=\"has-medium-font-size\"><strong>Minist\u00e8re\u00a0de\u00a0la Culture \u2013 Direction r\u00e9gionale des affaires culturelles d\u2019\u00cele-de-France<\/strong>, pour le <strong>dispositif \u00c9t\u00e9 culturel<\/strong> en 2022. Ce dernier st une op\u00e9ration nationale visant \u00e0\u00a0soutenir des propositions artistiques et culturelles\u00a0(concerts, repr\u00e9sentations, ateliers, projets participatifs, etc.), toutes disciplines confondues, ayant lieu en juillet et ao\u00fbt.<\/p>\n\n\n\n<div style=\"height:100px\" aria-hidden=\"true\" class=\"wp-block-spacer\"><\/div>\n\n\n\n<p class=\"has-medium-font-size\"><strong><a href=\"https:\/\/www.facebook.com\/LezArtsDansLesMurs\" target=\"_blank\" rel=\"noreferrer noopener\">Les Lez&rsquo;arts dans les Murs<\/a><\/strong>, association d&rsquo;\u00e9ducation populaire, fait vivre un jardin partag\u00e9 dans le site class\u00e9 des Murs \u00e0 P\u00eaches de Montreuil, en Seine Saint Denis.<\/p>\n\n\n\n<div style=\"height:100px\" aria-hidden=\"true\" class=\"wp-block-spacer\"><\/div>\n\n\n\n<figure class=\"wp-block-image is-resized\"><img loading=\"lazy\" decoding=\"async\" src=\"http:\/\/montreuilparadise.com\/wp-content\/uploads\/2019\/06\/customLogo.gif\" alt=\"\" class=\"wp-image-153\" width=\"152\" height=\"117\"\/><\/figure>\n\n\n\n<p class=\"has-medium-font-size\"><strong><a rel=\"noreferrer noopener\" aria-label=\"L\u2019association des Beaumonts (s\u2019ouvre dans un nouvel onglet)\" href=\"http:\/\/assoc.beaumonts.free.fr\/index.php?accueil\" target=\"_blank\">L\u2019association des Beaumonts<\/a><\/strong> a pour objet d&rsquo;engager ou d&rsquo;encourager toute action dans le quartier des Beaumonts en vue notamment : d\u2019animer la vie de quartier, de d\u00e9velopper des activit\u00e9s d\u2019int\u00e9r\u00eat g\u00e9n\u00e9ral : culturelles, artistiques, sportives, etc, de d\u00e9fendre les droits et int\u00e9r\u00eats des habitants dans tout domaine, urbanisme, services municipaux, garde des enfants, cadre de vie, etc. <\/p>\n\n\n\n<div style=\"height:100px\" aria-hidden=\"true\" class=\"wp-block-spacer\"><\/div>\n\n\n\n<figure class=\"wp-block-image is-resized\"><img loading=\"lazy\" decoding=\"async\" src=\"http:\/\/montreuilparadise.com\/wp-content\/uploads\/2019\/06\/montreuil-records.png\" alt=\"\" class=\"wp-image-158\" width=\"148\" height=\"148\" srcset=\"https:\/\/montreuilparadise.com\/wp-content\/uploads\/2019\/06\/montreuil-records.png 826w, https:\/\/montreuilparadise.com\/wp-content\/uploads\/2019\/06\/montreuil-records-150x150.png 150w, https:\/\/montreuilparadise.com\/wp-content\/uploads\/2019\/06\/montreuil-records-300x300.png 300w, https:\/\/montreuilparadise.com\/wp-content\/uploads\/2019\/06\/montreuil-records-768x768.png 768w\" sizes=\"auto, (max-width: 148px) 100vw, 148px\" \/><\/figure>\n\n\n\n<p class=\"has-medium-font-size\"><strong><a href=\"https:\/\/www.facebook.com\/montreuilRecords\/\" target=\"_blank\" rel=\"noreferrer noopener\" aria-label=\"Montreuil Records (s\u2019ouvre dans un nouvel onglet)\">Montreuil Records<\/a><\/strong> est un collectif et label compos\u00e9 de musiciens et artistes s\u2019\u00e9tant rencontr\u00e9 et vivant \u00e0 Montreuil. D\u2019influences vari\u00e9es avec comme unit\u00e9 la Libert\u00e9, la Cr\u00e9ativit\u00e9, l\u2019Amour de la Musique et la bonne vibe partag\u00e9e \u00e0 travers le son.<\/p>\n","protected":false},"excerpt":{"rendered":"<p>L&rsquo;\u00c9tablissement public territorial Est Ensemble est une structure intercommunalefran\u00e7aise, cr\u00e9\u00e9e le 1er janvier 2016 dans le cadre de la mise en place de la m\u00e9tropole du Grand Paris et situ\u00e9e dans le d\u00e9partement de la Seine-Saint-Denis en r\u00e9gion\u00cele-de-France. Elle regroupe les communes de Bagnolet, Bobigny, Bondy, Le Pr\u00e9-Saint-Gervais, Les Lilas, Montreuil, Noisy-le-Sec, Pantin, Romainville. CetteLire la suite &rarr;<\/p>\n","protected":false},"author":1,"featured_media":0,"parent":0,"menu_order":0,"comment_status":"closed","ping_status":"closed","template":"","meta":{"footnotes":""},"class_list":["post-146","page","type-page","status-publish","hentry","no-thumb"],"_links":{"self":[{"href":"https:\/\/montreuilparadise.com\/index.php?rest_route=\/wp\/v2\/pages\/146","targetHints":{"allow":["GET"]}}],"collection":[{"href":"https:\/\/montreuilparadise.com\/index.php?rest_route=\/wp\/v2\/pages"}],"about":[{"href":"https:\/\/montreuilparadise.com\/index.php?rest_route=\/wp\/v2\/types\/page"}],"author":[{"embeddable":true,"href":"https:\/\/montreuilparadise.com\/index.php?rest_route=\/wp\/v2\/users\/1"}],"replies":[{"embeddable":true,"href":"https:\/\/montreuilparadise.com\/index.php?rest_route=%2Fwp%2Fv2%2Fcomments&post=146"}],"version-history":[{"count":20,"href":"https:\/\/montreuilparadise.com\/index.php?rest_route=\/wp\/v2\/pages\/146\/revisions"}],"predecessor-version":[{"id":1599,"href":"https:\/\/montreuilparadise.com\/index.php?rest_route=\/wp\/v2\/pages\/146\/revisions\/1599"}],"wp:attachment":[{"href":"https:\/\/montreuilparadise.com\/index.php?rest_route=%2Fwp%2Fv2%2Fmedia&parent=146"}],"curies":[{"name":"wp","href":"https:\/\/api.w.org\/{rel}","templated":true}]}}